{"id":425,"date":"2020-03-26T12:39:35","date_gmt":"2020-03-26T11:39:35","guid":{"rendered":"https:\/\/www.torpez.com?page_id=425"},"modified":"2020-03-26T12:39:36","modified_gmt":"2020-03-26T11:39:36","slug":"mentions-legales","status":"publish","type":"page","link":"https:\/\/www.torpez.com\/en\/mentions-legales\/","title":{"rendered":"Mentions l\u00e9gales"},"content":{"rendered":"\n<h2 class=\"wp-block-heading\">\u00c9diteur<\/h2>\n\n\n\n<p>VIGNOBLES DE SAINT-TROPEZ<br>Avenue Paul Roussel<br>83990 SAINT-TROPEZ<br>T\u00e9l. : +33 (0)4 94 97 01 60<br>Fax : +33 (0)4 94 97 70 24<br>Siret : 78312000900015 &#8211; RCS Fr\u00e9jus D 783 120 009E<br><\/p>\n\n\n\n<h2 class=\"wp-block-heading\">Protection des donn\u00e9es personnelles<\/h2>\n\n\n\n<p>Conform\u00e9ment \u00e0 la loi n\u00b0 78-17 relative \u00e0 l&#8217;informatique, aux fichiers et aux libert\u00e9s du 06 janvier 1978, l&#8217;internaute dispose d&#8217;un droit d&#8217;acc\u00e8s, de rectification et de suppression des informations nominatives le concernant qu&#8217;il peut exercer \u00e0 tout moment en adressant un courrier au si\u00e8ge social de VIGNOBLES DE SAINT-TROPEZ qui s&#8217;engage \u00e0 pr\u00e9server la confidentialit\u00e9 des informations nominatives concernant les internautes.<\/p>\n\n\n\n<h2 class=\"wp-block-heading\">Droits d\u2019auteur<\/h2>\n\n\n\n<p>Le Site constitue une cr\u00e9ation intellectuelle au sens des articles L. 111.1 et suivants du Code de la propri\u00e9t\u00e9 intellectuelle.<\/p>\n\n\n\n<p>L&#8217;ensemble des \u00e9l\u00e9ments disponibles sur le Site dont notamment les photographies, textes, slogans, dessins, images, s\u00e9quences anim\u00e9es sonores ou non ainsi que toutes cr\u00e9ations intellectuelles int\u00e9gr\u00e9es dans le Site sont la propri\u00e9t\u00e9 de VIGNOBLES DE SAINT-TROPEZ ou de tiers ayant autoris\u00e9 VIGNOBLES DE SAINT-TROPEZ \u00e0 les utiliser.<\/p>\n\n\n\n<p>Toute reproduction, repr\u00e9sentation, utilisation, adaptation ou modification, par quelque proc\u00e9d\u00e9 que ce soit et sur quelque support que ce soit, de tout ou partie du site www.vignobles-saint-tropez.fr, sans avoir obtenu l&#8217;autorisation pr\u00e9alable de VIGNOBLES DE SAINT-TROPEZ est strictement interdite et constitue un d\u00e9lit de contrefa\u00e7on.<\/p>\n\n\n\n<p>VIGNOBLES DE SAINT-TROPEZ ne saurait etre responsable des dommages directs et indirects et notamment pr\u00e9judice mat\u00e9riel, perte de donn\u00e9es, pr\u00e9judice financier qui pourraient r\u00e9sulter de la connexion ou de l&#8217;utilisation du Site ou des informations y figurant.<\/p>\n\n\n\n<p>Le site www.torpez.com peut contenir des liens hypertextes allant vers d&#8217;autres sites. Nous ne prenons aucun engagement concernant tout autre site auquel vous pourriez avoir acces via notre site et nous ne serions en aucune fa\u00e7on etre responsables du contenu, fonctionnement et de l&#8217;acces a ces sites. <\/p>\n\n\n\n<h2 class=\"wp-block-heading\">R\u00e9alisation  du site<\/h2>\n\n\n\n<p>Le site www.torpez.com a \u00e9t\u00e9 r\u00e9alis\u00e9 par la soci\u00e9t\u00e9 Blazon Design &#8211; 108 rue des Dames &#8211; 75017 Paris T\u00e9l. : 01 45 57 09 15 &#8211; http:\/\/www.blazondesign.com\/<\/p>\n\n\n\n<p>Cr\u00e9dits photos : \u00a9 &#8211; Blazondesign, Bruno Malegue, Benjamin David-Testani\u00e8re &#8211; Fotolia.com \/ XXX<\/p>\n\n\n\n<h2 class=\"wp-block-heading\">H\u00e9bergement du site<\/h2>\n\n\n\n<p>L&#8217;h\u00e9bergement du site www.torpez.com est assur\u00e9 par la soci\u00e9t\u00e9 OVH &#8211; 2 rue Kellermann &#8211; 59100 Roubaix &#8211; France &#8211; www.ovh.com<\/p>\n","protected":false},"excerpt":{"rendered":"<p>\u00c9diteur VIGNOBLES DE SAINT-TROPEZAvenue Paul Roussel83990 SAINT-TROPEZT\u00e9l. : +33 (0)4 94 97 01 60Fax : +33 (0)4 94 97 70 24Siret : 78312000900015 &#8211; RCS [&hellip;]<\/p>\n","protected":false},"author":1,"featured_media":0,"parent":0,"menu_order":0,"comment_status":"closed","ping_status":"closed","template":"","meta":{"_acf_changed":false,"footnotes":""},"class_list":["post-425","page","type-page","status-publish","hentry"],"acf":[],"_links":{"self":[{"href":"https:\/\/www.torpez.com\/en\/wp-json\/wp\/v2\/pages\/425","targetHints":{"allow":["GET"]}}],"collection":[{"href":"https:\/\/www.torpez.com\/en\/wp-json\/wp\/v2\/pages"}],"about":[{"href":"https:\/\/www.torpez.com\/en\/wp-json\/wp\/v2\/types\/page"}],"author":[{"embeddable":true,"href":"https:\/\/www.torpez.com\/en\/wp-json\/wp\/v2\/users\/1"}],"replies":[{"embeddable":true,"href":"https:\/\/www.torpez.com\/en\/wp-json\/wp\/v2\/comments?post=425"}],"version-history":[{"count":1,"href":"https:\/\/www.torpez.com\/en\/wp-json\/wp\/v2\/pages\/425\/revisions"}],"predecessor-version":[{"id":426,"href":"https:\/\/www.torpez.com\/en\/wp-json\/wp\/v2\/pages\/425\/revisions\/426"}],"wp:attachment":[{"href":"https:\/\/www.torpez.com\/en\/wp-json\/wp\/v2\/media?parent=425"}],"curies":[{"name":"wp","href":"https:\/\/api.w.org\/{rel}","templated":true}]}}